{"id":956,"date":"2025-05-29T01:11:59","date_gmt":"2025-05-28T23:11:59","guid":{"rendered":"https:\/\/wak-a.com\/?page_id=956"},"modified":"2025-07-17T01:56:49","modified_gmt":"2025-07-16T23:56:49","slug":"blog","status":"publish","type":"page","link":"https:\/\/wak-a.com\/en\/blog\/","title":{"rendered":"Blog"},"content":{"rendered":"\t\t<div data-elementor-type=\"wp-page\" data-elementor-id=\"956\" class=\"elementor elementor-956\">\n\t\t\t\t<div class=\"elementor-element elementor-element-571c911 e-flex e-con-boxed wpr-particle-no wpr-jarallax-no wpr-parallax-no wpr-sticky-section-no wpr-equal-height-no e-con e-parent\" data-id=\"571c911\" data-element_type=\"container\" data-e-type=\"container\" data-settings=\"{&quot;background_background&quot;:&quot;classic&quot;}\">\n\t\t\t\t\t<div class=\"e-con-inner\">\n\t\t\t\t\t<\/div>\n\t\t\t\t<\/div>\n\t\t<div class=\"elementor-element elementor-element-4a372ed e-flex e-con-boxed wpr-particle-no wpr-jarallax-no wpr-parallax-no wpr-sticky-section-no wpr-equal-height-no e-con e-parent\" data-id=\"4a372ed\" data-element_type=\"container\" data-e-type=\"container\" data-settings=\"{&quot;background_background&quot;:&quot;classic&quot;}\">\n\t\t\t\t\t<div class=\"e-con-inner\">\n\t\t\t\t<div class=\"elementor-element elementor-element-52480aa wpr-grid-columns-3 wpr-grid-columns--tablet2 wpr-grid-columns--mobile1 wpr-grid-pagination-center wpr-item-styles-inner elementor-widget elementor-widget-wpr-grid\" data-id=\"52480aa\" data-element_type=\"widget\" data-e-type=\"widget\" data-widget_type=\"wpr-grid.default\">\n\t\t\t\t<div class=\"elementor-widget-container\">\n\t\t\t\t\t<ul class=\"wpr-grid-filters elementor-clearfix wpr-grid-filters-sep-right\"><li class=\" wpr-pointer-none wpr-pointer-line-fx wpr-pointer-fx-none\"><span  data-filter=\"*\" class=\"wpr-grid-filters-item wpr-active-filter \">Tous les posts<\/span><em class=\"wpr-grid-filters-sep\"><\/em><\/li><li class=\" wpr-pointer-none wpr-pointer-line-fx wpr-pointer-fx-none\"><span   data-ajax-filter=[\"category\",\"non-classe\"]  data-filter=\".category-non-classe\">Non class\u00e9<\/span><em class=\"wpr-grid-filters-sep\"><\/em><\/li><li class=\" wpr-pointer-none wpr-pointer-line-fx wpr-pointer-fx-none\"><span   data-ajax-filter=[\"category\",\"vr\"]  data-filter=\".category-vr\">VR<\/span><em class=\"wpr-grid-filters-sep\"><\/em><\/li><\/ul><section class=\"wpr-grid elementor-clearfix\" data-settings=\"{&quot;layout&quot;:&quot;fitRows&quot;,&quot;stick_last_element_to_bottom&quot;:&quot;&quot;,&quot;columns_desktop&quot;:3,&quot;gutter_hr&quot;:15,&quot;gutter_hr_mobile&quot;:15,&quot;gutter_hr_mobile_extra&quot;:15,&quot;gutter_hr_tablet&quot;:15,&quot;gutter_hr_tablet_extra&quot;:15,&quot;gutter_hr_laptop&quot;:15,&quot;gutter_hr_widescreen&quot;:15,&quot;gutter_vr&quot;:15,&quot;gutter_vr_mobile&quot;:15,&quot;gutter_vr_mobile_extra&quot;:15,&quot;gutter_vr_tablet&quot;:15,&quot;gutter_vr_tablet_extra&quot;:15,&quot;gutter_vr_laptop&quot;:15,&quot;gutter_vr_widescreen&quot;:15,&quot;animation&quot;:&quot;default&quot;,&quot;animation_duration&quot;:0.3,&quot;animation_delay&quot;:0.1,&quot;deeplinking&quot;:&quot;&quot;,&quot;filters_linkable&quot;:&quot;no&quot;,&quot;filters_default_filter&quot;:&quot;&quot;,&quot;filters_count&quot;:&quot;&quot;,&quot;filters_hide_empty&quot;:&quot;no&quot;,&quot;filters_animation&quot;:&quot;default&quot;,&quot;filters_animation_duration&quot;:0.3,&quot;filters_animation_delay&quot;:0.1,&quot;pagination_type&quot;:&quot;load-more&quot;,&quot;pagination_max_pages&quot;:1,&quot;lightbox&quot;:{&quot;selector&quot;:&quot;.wpr-grid-image-wrap&quot;,&quot;iframeMaxWidth&quot;:&quot;60%&quot;,&quot;hash&quot;:false,&quot;autoplay&quot;:&quot;true&quot;,&quot;pause&quot;:5000,&quot;progressBar&quot;:&quot;true&quot;,&quot;counter&quot;:&quot;true&quot;,&quot;controls&quot;:&quot;true&quot;,&quot;getCaptionFromTitleOrAlt&quot;:&quot;true&quot;,&quot;thumbnail&quot;:&quot;&quot;,&quot;showThumbByDefault&quot;:&quot;&quot;,&quot;share&quot;:&quot;&quot;,&quot;zoom&quot;:&quot;true&quot;,&quot;fullScreen&quot;:&quot;true&quot;,&quot;download&quot;:&quot;true&quot;}}\" data-advanced-filters=\"no\"><article class=\"wpr-grid-item elementor-clearfix post-1160 post type-post status-publish format-standard has-post-thumbnail hentry category-vr\"><div class=\"wpr-grid-item-inner\"><div class=\"wpr-grid-media-wrap wpr-effect-size-medium \" data-overlay-link=\"yes\"><div class=\"wpr-grid-image-wrap\" data-src=\"https:\/\/wak-a.com\/wp-content\/uploads\/2025\/08\/Waka-Presentation-Eng-1-1-scaled.png\" data-img-on-hover=\"\"  data-src-secondary=\"\"><img decoding=\"async\" data-no-lazy=\"1\" src=\"https:\/\/wak-a.com\/wp-content\/uploads\/2025\/08\/Waka-Presentation-Eng-1-1-scaled.png\" alt=\"La VR r\u00e9volutionne l&rsquo;entra\u00eenement cycliste : quand la descente et le contre la montre deviennent accessibles en salle\" class=\"wpr-anim-timing-ease-default\"><\/div><div class=\"wpr-grid-media-hover wpr-animation-wrap\"><div class=\"wpr-grid-media-hover-bg  wpr-overlay-fade-in wpr-anim-size-large wpr-anim-timing-ease-default wpr-anim-transparency\" data-url=\"https:\/\/wak-a.com\/en\/2025\/08\/18\/la-vr-revolutionne-lentrainement-cycliste-quand-la-descente-et-le-contre-la-montre-deviennent-accessibles-en-salle\/\"><\/div><\/div><\/div><div class=\"wpr-grid-item-below-content elementor-clearfix\"><h1 class=\"wpr-grid-item-title elementor-repeater-item-bef2ade wpr-grid-item-display-block wpr-grid-item-align-left wpr-pointer-none wpr-pointer-line-fx wpr-pointer-fx-fade\"><div class=\"inner-block\"><a target=\"_self\"  href=\"https:\/\/wak-a.com\/en\/2025\/08\/18\/la-vr-revolutionne-lentrainement-cycliste-quand-la-descente-et-le-contre-la-montre-deviennent-accessibles-en-salle\/\">La VR r\u00e9volutionne l&rsquo;entra\u00eenement cycliste : quand la descente et le contre la montre deviennent accessibles en salle<\/a><\/div><\/h1><div class=\"wpr-grid-item-excerpt elementor-repeater-item-9433d00 wpr-grid-item-display-block wpr-grid-item-align-left\"><div class=\"inner-block\"><p>Et si nous pouvions recr\u00e9er le stress authentique d&#039;une descente \u00e0 v\u00e9lo... sans jamais quitter la salle d&#039;entra\u00eenement ? Cette...<\/p><\/div><\/div><div class=\"wpr-grid-item-author elementor-repeater-item-751c530 wpr-grid-item-display-inline wpr-grid-item-align-left\"><div class=\"inner-block\"><a href=\"https:\/\/wak-a.com\/en\/author\/adminraf\/\"><span>Rafael Debucquet<\/span><\/a><\/div><\/div><div class=\"wpr-grid-item-date elementor-repeater-item-7390493 wpr-grid-item-display-inline wpr-grid-item-align-right\"><div class=\"inner-block\"><span><span class=\"wpr-grid-extra-text-left\"><\/span>18 August 2025<\/span><\/div><\/div><\/div><\/div><\/article><article class=\"wpr-grid-item elementor-clearfix post-1129 post type-post status-publish format-standard has-post-thumbnail hentry category-vr\"><div class=\"wpr-grid-item-inner\"><div class=\"wpr-grid-media-wrap wpr-effect-size-medium \" data-overlay-link=\"yes\"><div class=\"wpr-grid-image-wrap\" data-src=\"https:\/\/wak-a.com\/wp-content\/uploads\/2025\/07\/Image-pour-article-5-pdf.jpg\" data-img-on-hover=\"\"  data-src-secondary=\"\"><img decoding=\"async\" data-no-lazy=\"1\" src=\"https:\/\/wak-a.com\/wp-content\/uploads\/2025\/07\/Image-pour-article-5-pdf.jpg\" alt=\"Du produit \u00e0 l\u2019univers augment\u00e9 : repenser l\u2019exp\u00e9rience fan en magasin\" class=\"wpr-anim-timing-ease-default\"><\/div><div class=\"wpr-grid-media-hover wpr-animation-wrap\"><div class=\"wpr-grid-media-hover-bg  wpr-overlay-fade-in wpr-anim-size-large wpr-anim-timing-ease-default wpr-anim-transparency\" data-url=\"https:\/\/wak-a.com\/en\/2025\/07\/17\/fan-experience-vr-ar-mr-xr-sport\/\"><\/div><\/div><\/div><div class=\"wpr-grid-item-below-content elementor-clearfix\"><h1 class=\"wpr-grid-item-title elementor-repeater-item-bef2ade wpr-grid-item-display-block wpr-grid-item-align-left wpr-pointer-none wpr-pointer-line-fx wpr-pointer-fx-fade\"><div class=\"inner-block\"><a target=\"_self\"  href=\"https:\/\/wak-a.com\/en\/2025\/07\/17\/fan-experience-vr-ar-mr-xr-sport\/\">Du produit \u00e0 l\u2019univers augment\u00e9 : repenser l\u2019exp\u00e9rience fan en magasin<\/a><\/div><\/h1><div class=\"wpr-grid-item-excerpt elementor-repeater-item-9433d00 wpr-grid-item-display-block wpr-grid-item-align-left\"><div class=\"inner-block\"><p>Et si les fans ne venaient plus en boutique juste pour acheter un maillot, mais pour vivre un moment ?...<\/p><\/div><\/div><div class=\"wpr-grid-item-author elementor-repeater-item-751c530 wpr-grid-item-display-inline wpr-grid-item-align-left\"><div class=\"inner-block\"><a href=\"https:\/\/wak-a.com\/en\/author\/adminraf\/\"><span>Rafael Debucquet<\/span><\/a><\/div><\/div><div class=\"wpr-grid-item-date elementor-repeater-item-7390493 wpr-grid-item-display-inline wpr-grid-item-align-right\"><div class=\"inner-block\"><span><span class=\"wpr-grid-extra-text-left\"><\/span>17 July 2025<\/span><\/div><\/div><\/div><\/div><\/article><article class=\"wpr-grid-item elementor-clearfix post-961 post type-post status-publish format-standard has-post-thumbnail hentry category-vr\"><div class=\"wpr-grid-item-inner\"><div class=\"wpr-grid-media-wrap wpr-effect-size-medium \" data-overlay-link=\"yes\"><div class=\"wpr-grid-image-wrap\" data-src=\"https:\/\/wak-a.com\/wp-content\/uploads\/2025\/05\/Image-pour-article-3-pdf.jpg\" data-img-on-hover=\"\"  data-src-secondary=\"\"><img decoding=\"async\" data-no-lazy=\"1\" src=\"https:\/\/wak-a.com\/wp-content\/uploads\/2025\/05\/Image-pour-article-3-pdf.jpg\" alt=\"Comment la r\u00e9alit\u00e9 virtuelle r\u00e9volutionne la formation des arbitres de football : Un projet Wak\u2019a\" class=\"wpr-anim-timing-ease-default\"><\/div><div class=\"wpr-grid-media-hover wpr-animation-wrap\"><div class=\"wpr-grid-media-hover-bg  wpr-overlay-fade-in wpr-anim-size-large wpr-anim-timing-ease-default wpr-anim-transparency\" data-url=\"https:\/\/wak-a.com\/en\/2025\/05\/29\/vr-formation-arbitre\/\"><\/div><\/div><\/div><div class=\"wpr-grid-item-below-content elementor-clearfix\"><h1 class=\"wpr-grid-item-title elementor-repeater-item-bef2ade wpr-grid-item-display-block wpr-grid-item-align-left wpr-pointer-none wpr-pointer-line-fx wpr-pointer-fx-fade\"><div class=\"inner-block\"><a target=\"_self\"  href=\"https:\/\/wak-a.com\/en\/2025\/05\/29\/vr-formation-arbitre\/\">Comment la r\u00e9alit\u00e9 virtuelle r\u00e9volutionne la formation des arbitres de football : Un projet Wak\u2019a<\/a><\/div><\/h1><div class=\"wpr-grid-item-excerpt elementor-repeater-item-9433d00 wpr-grid-item-display-block wpr-grid-item-align-left\"><div class=\"inner-block\"><p>Arbitrer un match de football est l\u2019un des r\u00f4les les plus exigeants du sport : il faut \u00e0 la fois...<\/p><\/div><\/div><div class=\"wpr-grid-item-author elementor-repeater-item-751c530 wpr-grid-item-display-inline wpr-grid-item-align-left\"><div class=\"inner-block\"><a href=\"https:\/\/wak-a.com\/en\/author\/admin3018\/\"><span>Damien Dussour<\/span><\/a><\/div><\/div><div class=\"wpr-grid-item-date elementor-repeater-item-7390493 wpr-grid-item-display-inline wpr-grid-item-align-right\"><div class=\"inner-block\"><span><span class=\"wpr-grid-extra-text-left\"><\/span>29 May 2025<\/span><\/div><\/div><\/div><\/div><\/article><\/section>\t\t\t\t<\/div>\n\t\t\t\t<\/div>\n\t\t\t\t\t<\/div>\n\t\t\t\t<\/div>\n\t\t\t\t<\/div>\n\t\t","protected":false},"excerpt":{"rendered":"<p>Tous les posts Non class\u00e9 VR Du produit \u00e0 l\u2019univers augment\u00e9 : repenser l\u2019exp\u00e9rience fan en magasin Et si les fans ne venaient plus en boutique juste pour acheter un maillot, mais pour vivre un moment ?&#8230; Rafael Debucquet17 juillet 2025 Comment la r\u00e9alit\u00e9 virtuelle r\u00e9volutionne la formation des arbitres de football : Un projet Wak\u2019a Arbitrer un match de football est l\u2019un des r\u00f4les les plus exigeants du sport : il faut \u00e0 la fois&#8230; Damien Dussour29 mai 2025<\/p>","protected":false},"author":1,"featured_media":0,"parent":0,"menu_order":0,"comment_status":"closed","ping_status":"closed","template":"","meta":{"footnotes":""},"class_list":["post-956","page","type-page","status-publish","hentry"],"_links":{"self":[{"href":"https:\/\/wak-a.com\/en\/wp-json\/wp\/v2\/pages\/956","targetHints":{"allow":["GET"]}}],"collection":[{"href":"https:\/\/wak-a.com\/en\/wp-json\/wp\/v2\/pages"}],"about":[{"href":"https:\/\/wak-a.com\/en\/wp-json\/wp\/v2\/types\/page"}],"author":[{"embeddable":true,"href":"https:\/\/wak-a.com\/en\/wp-json\/wp\/v2\/users\/1"}],"replies":[{"embeddable":true,"href":"https:\/\/wak-a.com\/en\/wp-json\/wp\/v2\/comments?post=956"}],"version-history":[{"count":43,"href":"https:\/\/wak-a.com\/en\/wp-json\/wp\/v2\/pages\/956\/revisions"}],"predecessor-version":[{"id":1135,"href":"https:\/\/wak-a.com\/en\/wp-json\/wp\/v2\/pages\/956\/revisions\/1135"}],"wp:attachment":[{"href":"https:\/\/wak-a.com\/en\/wp-json\/wp\/v2\/media?parent=956"}],"curies":[{"name":"wp","href":"https:\/\/api.w.org\/{rel}","templated":true}]}}